{"id":1148,"date":"2021-04-09T11:51:22","date_gmt":"2021-04-09T16:51:22","guid":{"rendered":"http:\/\/blog.bursatron.com.mx\/wordpress\/?page_id=1148"},"modified":"2024-05-07T21:26:44","modified_gmt":"2024-05-08T02:26:44","slug":"cultura-empresarial","status":"publish","type":"page","link":"https:\/\/blog.bursatron.com.mx\/wordpress\/cultura-empresarial\/","title":{"rendered":"Cultura Empresarial"},"content":{"rendered":"\t\t<div data-elementor-type=\"wp-page\" data-elementor-id=\"1148\" class=\"elementor elementor-1148\" data-elementor-settings=\"[]\">\n\t\t\t\t\t\t<div class=\"elementor-inner\">\n\t\t\t\t\t\t\t<div class=\"elementor-section-wrap\">\n\t\t\t\t\t\t\t<section class=\"elementor-section elementor-top-section elementor-element elementor-element-bfcfe60 elementor-section-boxed elementor-section-height-default elementor-section-height-default\" data-id=\"bfcfe60\" data-element_type=\"section\">\n\t\t\t\t\t\t<div class=\"elementor-container elementor-column-gap-default\">\n\t\t\t\t\t\t\t<div class=\"elementor-row\">\n\t\t\t\t\t<div class=\"elementor-column elementor-col-100 elementor-top-column elementor-element elementor-element-2667dcc\" data-id=\"2667dcc\" data-element_type=\"column\">\n\t\t\t<div class=\"elementor-column-wrap elementor-element-populated\">\n\t\t\t\t\t\t\t<div class=\"elementor-widget-wrap\">\n\t\t\t\t\t\t<div class=\"elementor-element elementor-element-1c51a7c elementor-position-top elementor-vertical-align-top elementor-widget elementor-widget-image-box\" data-id=\"1c51a7c\" data-element_type=\"widget\" data-widget_type=\"image-box.default\">\n\t\t\t\t<div class=\"elementor-widget-container\">\n\t\t\t<div class=\"elementor-image-box-wrapper\"><figure class=\"elementor-image-box-img\"><img loading=\"lazy\" decoding=\"async\" width=\"2000\" height=\"600\" src=\"https:\/\/blog.bursatron.com.mx\/wordpress\/wp-content\/uploads\/2022\/01\/Articulos-1.jpg\" class=\"attachment-full size-full\" alt=\"\" srcset=\"https:\/\/blog.bursatron.com.mx\/wordpress\/wp-content\/uploads\/2022\/01\/Articulos-1.jpg 2000w, https:\/\/blog.bursatron.com.mx\/wordpress\/wp-content\/uploads\/2022\/01\/Articulos-1-300x90.jpg 300w, https:\/\/blog.bursatron.com.mx\/wordpress\/wp-content\/uploads\/2022\/01\/Articulos-1-1024x307.jpg 1024w, https:\/\/blog.bursatron.com.mx\/wordpress\/wp-content\/uploads\/2022\/01\/Articulos-1-768x230.jpg 768w, https:\/\/blog.bursatron.com.mx\/wordpress\/wp-content\/uploads\/2022\/01\/Articulos-1-1536x461.jpg 1536w, https:\/\/blog.bursatron.com.mx\/wordpress\/wp-content\/uploads\/2022\/01\/Articulos-1-465x140.jpg 465w, https:\/\/blog.bursatron.com.mx\/wordpress\/wp-content\/uploads\/2022\/01\/Articulos-1-695x209.jpg 695w\" sizes=\"(max-width: 2000px) 100vw, 2000px\" \/><\/figure><div class=\"elementor-image-box-content\"><p class=\"elementor-image-box-description\">Autor: Eric Torres - Tiempo de lectura: 5 minutos<\/p><\/div><\/div>\t\t<\/div>\n\t\t\t\t<\/div>\n\t\t\t\t<div class=\"elementor-element elementor-element-3b3c771 elementor-widget elementor-widget-text-editor\" data-id=\"3b3c771\" data-element_type=\"widget\" data-widget_type=\"text-editor.default\">\n\t\t\t\t<div class=\"elementor-widget-container\">\n\t\t\t\t\t\t\t\t<div class=\"elementor-text-editor elementor-clearfix\">\n\t\t\t\t\t<p>Seguramente al escuchar la palabra\u00a0<b>vendedor<\/b>, la asocias a palabras como estafa, enga\u00f1o o mentiras, ya sea porque hayas tenido alguna mala experiencia, o bien porque adquiriste alg\u00fan producto y no recibiste lo que esperabas del mismo. Cualquiera que sea el caso, no todo est\u00e1 perdido, existen\u00a0<b>vendedores profesionales<\/b>\u00a0que se apegan a la\u00a0<b>\u00c9tica<\/b>\u00a0en el proceso de venta.<\/p>\t\t\t\t\t<\/div>\n\t\t\t\t\t\t<\/div>\n\t\t\t\t<\/div>\n\t\t\t\t\t\t<\/div>\n\t\t\t\t\t<\/div>\n\t\t<\/div>\n\t\t\t\t\t\t\t\t<\/div>\n\t\t\t\t\t<\/div>\n\t\t<\/section>\n\t\t\t\t<section class=\"elementor-section elementor-top-section elementor-element elementor-element-57e6d59 elementor-section-boxed elementor-section-height-default elementor-section-height-default\" data-id=\"57e6d59\" data-element_type=\"section\">\n\t\t\t\t\t\t<div class=\"elementor-container elementor-column-gap-default\">\n\t\t\t\t\t\t\t<div class=\"elementor-row\">\n\t\t\t\t\t<div class=\"elementor-column elementor-col-100 elementor-top-column elementor-element elementor-element-a9faebb\" data-id=\"a9faebb\" data-element_type=\"column\">\n\t\t\t<div class=\"elementor-column-wrap elementor-element-populated\">\n\t\t\t\t\t\t\t<div class=\"elementor-widget-wrap\">\n\t\t\t\t\t\t<div class=\"elementor-element elementor-element-6ebfd29 elementor-align-center elementor-invisible elementor-widget elementor-widget-button\" data-id=\"6ebfd29\" data-element_type=\"widget\" data-settings=\"{&quot;_animation&quot;:&quot;fadeIn&quot;}\" data-widget_type=\"button.default\">\n\t\t\t\t<div class=\"elementor-widget-container\">\n\t\t\t\t\t<div class=\"elementor-button-wrapper\">\n\t\t\t<a href=\"https:\/\/blog.bursatron.com.mx\/wordpress\/la-importancia-de-la-etica-en-las-ventas\/\" class=\"elementor-button-link elementor-button elementor-size-sm\" role=\"button\">\n\t\t\t\t\t\t<span class=\"elementor-button-content-wrapper\">\n\t\t\t\t\t\t<span class=\"elementor-button-text\">Haz clic aqu\u00ed<\/span>\n\t\t<\/span>\n\t\t\t\t\t<\/a>\n\t\t<\/div>\n\t\t\t\t<\/div>\n\t\t\t\t<\/div>\n\t\t\t\t\t\t<\/div>\n\t\t\t\t\t<\/div>\n\t\t<\/div>\n\t\t\t\t\t\t\t\t<\/div>\n\t\t\t\t\t<\/div>\n\t\t<\/section>\n\t\t\t\t<section class=\"elementor-section elementor-top-section elementor-element elementor-element-82540e8 elementor-section-boxed elementor-section-height-default elementor-section-height-default\" data-id=\"82540e8\" data-element_type=\"section\">\n\t\t\t\t\t\t<div class=\"elementor-container elementor-column-gap-default\">\n\t\t\t\t\t\t\t<div class=\"elementor-row\">\n\t\t\t\t\t<div class=\"elementor-column elementor-col-100 elementor-top-column elementor-element elementor-element-faa9e17\" data-id=\"faa9e17\" data-element_type=\"column\">\n\t\t\t<div class=\"elementor-column-wrap elementor-element-populated\">\n\t\t\t\t\t\t\t<div class=\"elementor-widget-wrap\">\n\t\t\t\t\t\t<div class=\"elementor-element elementor-element-ae5ad10 elementor-position-top elementor-vertical-align-top elementor-widget elementor-widget-image-box\" data-id=\"ae5ad10\" data-element_type=\"widget\" data-widget_type=\"image-box.default\">\n\t\t\t\t<div class=\"elementor-widget-container\">\n\t\t\t<div class=\"elementor-image-box-wrapper\"><figure class=\"elementor-image-box-img\"><img loading=\"lazy\" decoding=\"async\" width=\"2000\" height=\"600\" src=\"https:\/\/blog.bursatron.com.mx\/wordpress\/wp-content\/uploads\/2021\/04\/menu.jpg\" class=\"attachment-full size-full\" alt=\"\" srcset=\"https:\/\/blog.bursatron.com.mx\/wordpress\/wp-content\/uploads\/2021\/04\/menu.jpg 2000w, https:\/\/blog.bursatron.com.mx\/wordpress\/wp-content\/uploads\/2021\/04\/menu-300x90.jpg 300w, https:\/\/blog.bursatron.com.mx\/wordpress\/wp-content\/uploads\/2021\/04\/menu-1024x307.jpg 1024w, https:\/\/blog.bursatron.com.mx\/wordpress\/wp-content\/uploads\/2021\/04\/menu-768x230.jpg 768w, https:\/\/blog.bursatron.com.mx\/wordpress\/wp-content\/uploads\/2021\/04\/menu-1536x461.jpg 1536w, https:\/\/blog.bursatron.com.mx\/wordpress\/wp-content\/uploads\/2021\/04\/menu-465x140.jpg 465w, https:\/\/blog.bursatron.com.mx\/wordpress\/wp-content\/uploads\/2021\/04\/menu-695x209.jpg 695w\" sizes=\"(max-width: 2000px) 100vw, 2000px\" \/><\/figure><div class=\"elementor-image-box-content\"><p class=\"elementor-image-box-description\">Autor: Lic. Jacob Luelmo Salazar -\n \nTiempo de lectura:  6 minutos<\/p><\/div><\/div>\t\t<\/div>\n\t\t\t\t<\/div>\n\t\t\t\t<div class=\"elementor-element elementor-element-fbcce7e elementor-widget elementor-widget-text-editor\" data-id=\"fbcce7e\" data-element_type=\"widget\" data-widget_type=\"text-editor.default\">\n\t\t\t\t<div class=\"elementor-widget-container\">\n\t\t\t\t\t\t\t\t<div class=\"elementor-text-editor elementor-clearfix\">\n\t\t\t\t\t<p style=\"text-align: center;\"><span style=\"color: #000000;\">Si te vieras en estas situaciones \u2013 desempleo o disminuci\u00f3n de tu ingreso-. Te has puesto a pensar \u00bfqu\u00e9 podr\u00edas hacer en caso de hallarte en una de estas situaciones?<\/span><\/p>\t\t\t\t\t<\/div>\n\t\t\t\t\t\t<\/div>\n\t\t\t\t<\/div>\n\t\t\t\t<div class=\"elementor-element elementor-element-f8b92d5 elementor-align-center elementor-invisible elementor-widget elementor-widget-button\" data-id=\"f8b92d5\" data-element_type=\"widget\" data-settings=\"{&quot;_animation&quot;:&quot;fadeIn&quot;}\" data-widget_type=\"button.default\">\n\t\t\t\t<div class=\"elementor-widget-container\">\n\t\t\t\t\t<div class=\"elementor-button-wrapper\">\n\t\t\t<a href=\"https:\/\/blog.bursatron.com.mx\/wordpress\/emprender-en-tiempos-de-pandemia\/\" class=\"elementor-button-link elementor-button elementor-size-sm\" role=\"button\">\n\t\t\t\t\t\t<span class=\"elementor-button-content-wrapper\">\n\t\t\t\t\t\t<span class=\"elementor-button-text\">Leer m\u00e1s<\/span>\n\t\t<\/span>\n\t\t\t\t\t<\/a>\n\t\t<\/div>\n\t\t\t\t<\/div>\n\t\t\t\t<\/div>\n\t\t\t\t\t\t<\/div>\n\t\t\t\t\t<\/div>\n\t\t<\/div>\n\t\t\t\t\t\t\t\t<\/div>\n\t\t\t\t\t<\/div>\n\t\t<\/section>\n\t\t\t\t<section class=\"elementor-section elementor-top-section elementor-element elementor-element-8c7d1de elementor-section-boxed elementor-section-height-default elementor-section-height-default\" data-id=\"8c7d1de\" data-element_type=\"section\">\n\t\t\t\t\t\t<div class=\"elementor-container elementor-column-gap-default\">\n\t\t\t\t\t\t\t<div class=\"elementor-row\">\n\t\t\t\t\t<div class=\"elementor-column elementor-col-100 elementor-top-column elementor-element elementor-element-a42419a\" data-id=\"a42419a\" data-element_type=\"column\">\n\t\t\t<div class=\"elementor-column-wrap\">\n\t\t\t\t\t\t\t<div class=\"elementor-widget-wrap\">\n\t\t\t\t\t\t\t\t<\/div>\n\t\t\t\t\t<\/div>\n\t\t<\/div>\n\t\t\t\t\t\t\t\t<\/div>\n\t\t\t\t\t<\/div>\n\t\t<\/section>\n\t\t\t\t\t\t<\/div>\n\t\t\t\t\t\t<\/div>\n\t\t\t\t\t<\/div>\n\t\t","protected":false},"excerpt":{"rendered":"<p>Autor: Eric Torres &#8211; Tiempo de lectura: 5 minutos Seguramente al escuchar la palabra\u00a0vendedor, la asocias a palabras como estafa, enga\u00f1o o mentiras, ya sea porque hayas tenido alguna mala experiencia, o bien porque adquiriste alg\u00fan producto y no recibiste lo que esperabas del mismo. Cualquiera que sea el caso,<span class=\"more-link\"><a href=\"https:\/\/blog.bursatron.com.mx\/wordpress\/cultura-empresarial\/\">Continua leyendo<\/a><\/span><\/p>\n","protected":false},"author":3,"featured_media":0,"parent":0,"menu_order":0,"comment_status":"closed","ping_status":"closed","template":"","meta":{"footnotes":""},"yoast_head":"<!-- This site is optimized with the Yoast SEO plugin v22.9 - https:\/\/yoast.com\/wordpress\/plugins\/seo\/ -->\n<title>Cultura Empresarial - Bursatron s.c.<\/title>\n<meta name=\"robots\" content=\"index, follow, max-snippet:-1, max-image-preview:large, max-video-preview:-1\" \/>\n<link rel=\"canonical\" href=\"https:\/\/blog.bursatron.com.mx\/wordpress\/cultura-empresarial\/\" \/>\n<meta property=\"og:locale\" content=\"es_MX\" \/>\n<meta property=\"og:type\" content=\"article\" \/>\n<meta property=\"og:title\" content=\"Cultura Empresarial - Bursatron s.c.\" \/>\n<meta property=\"og:description\" content=\"Autor: Eric Torres &#8211; Tiempo de lectura: 5 minutos Seguramente al escuchar la palabra\u00a0vendedor, la asocias a palabras como estafa, enga\u00f1o o mentiras, ya sea porque hayas tenido alguna mala experiencia, o bien porque adquiriste alg\u00fan producto y no recibiste lo que esperabas del mismo. Cualquiera que sea el caso,Continua leyendo\" \/>\n<meta property=\"og:url\" content=\"https:\/\/blog.bursatron.com.mx\/wordpress\/cultura-empresarial\/\" \/>\n<meta property=\"og:site_name\" content=\"Bursatron s.c.\" \/>\n<meta property=\"article:publisher\" content=\"https:\/\/www.facebook.com\/Bursatron\" \/>\n<meta property=\"article:modified_time\" content=\"2024-05-08T02:26:44+00:00\" \/>\n<meta property=\"og:image\" content=\"https:\/\/blog.bursatron.com.mx\/wordpress\/wp-content\/uploads\/2022\/01\/Articulos-1.jpg\" \/>\n<meta name=\"twitter:card\" content=\"summary_large_image\" \/>\n<meta name=\"twitter:site\" content=\"@CursosAMIB\" \/>\n<meta name=\"twitter:label1\" content=\"Tiempo de lectura\" \/>\n\t<meta name=\"twitter:data1\" content=\"1 minuto\" \/>\n<script type=\"application\/ld+json\" class=\"yoast-schema-graph\">{\"@context\":\"https:\/\/schema.org\",\"@graph\":[{\"@type\":\"WebPage\",\"@id\":\"https:\/\/blog.bursatron.com.mx\/wordpress\/cultura-empresarial\/\",\"url\":\"https:\/\/blog.bursatron.com.mx\/wordpress\/cultura-empresarial\/\",\"name\":\"Cultura Empresarial - Bursatron s.c.\",\"isPartOf\":{\"@id\":\"https:\/\/blog.bursatron.com.mx\/wordpress\/#website\"},\"primaryImageOfPage\":{\"@id\":\"https:\/\/blog.bursatron.com.mx\/wordpress\/cultura-empresarial\/#primaryimage\"},\"image\":{\"@id\":\"https:\/\/blog.bursatron.com.mx\/wordpress\/cultura-empresarial\/#primaryimage\"},\"thumbnailUrl\":\"https:\/\/blog.bursatron.com.mx\/wordpress\/wp-content\/uploads\/2022\/01\/Articulos-1.jpg\",\"datePublished\":\"2021-04-09T16:51:22+00:00\",\"dateModified\":\"2024-05-08T02:26:44+00:00\",\"breadcrumb\":{\"@id\":\"https:\/\/blog.bursatron.com.mx\/wordpress\/cultura-empresarial\/#breadcrumb\"},\"inLanguage\":\"es\",\"potentialAction\":[{\"@type\":\"ReadAction\",\"target\":[\"https:\/\/blog.bursatron.com.mx\/wordpress\/cultura-empresarial\/\"]}]},{\"@type\":\"ImageObject\",\"inLanguage\":\"es\",\"@id\":\"https:\/\/blog.bursatron.com.mx\/wordpress\/cultura-empresarial\/#primaryimage\",\"url\":\"https:\/\/blog.bursatron.com.mx\/wordpress\/wp-content\/uploads\/2022\/01\/Articulos-1.jpg\",\"contentUrl\":\"https:\/\/blog.bursatron.com.mx\/wordpress\/wp-content\/uploads\/2022\/01\/Articulos-1.jpg\",\"width\":2000,\"height\":600},{\"@type\":\"BreadcrumbList\",\"@id\":\"https:\/\/blog.bursatron.com.mx\/wordpress\/cultura-empresarial\/#breadcrumb\",\"itemListElement\":[{\"@type\":\"ListItem\",\"position\":1,\"name\":\"Inicio\",\"item\":\"https:\/\/blog.bursatron.com.mx\/wordpress\/\"},{\"@type\":\"ListItem\",\"position\":2,\"name\":\"Cultura Empresarial\"}]},{\"@type\":\"WebSite\",\"@id\":\"https:\/\/blog.bursatron.com.mx\/wordpress\/#website\",\"url\":\"https:\/\/blog.bursatron.com.mx\/wordpress\/\",\"name\":\"Bursatron s.c.\",\"description\":\"\",\"publisher\":{\"@id\":\"https:\/\/blog.bursatron.com.mx\/wordpress\/#organization\"},\"potentialAction\":[{\"@type\":\"SearchAction\",\"target\":{\"@type\":\"EntryPoint\",\"urlTemplate\":\"https:\/\/blog.bursatron.com.mx\/wordpress\/?s={search_term_string}\"},\"query-input\":\"required name=search_term_string\"}],\"inLanguage\":\"es\"},{\"@type\":\"Organization\",\"@id\":\"https:\/\/blog.bursatron.com.mx\/wordpress\/#organization\",\"name\":\"Bursatron s.c.\",\"url\":\"https:\/\/blog.bursatron.com.mx\/wordpress\/\",\"logo\":{\"@type\":\"ImageObject\",\"inLanguage\":\"es\",\"@id\":\"https:\/\/blog.bursatron.com.mx\/wordpress\/#\/schema\/logo\/image\/\",\"url\":\"https:\/\/blog.bursatron.com.mx\/wordpress\/wp-content\/uploads\/2020\/05\/cropped-YOUTUBE-5.jpg\",\"contentUrl\":\"https:\/\/blog.bursatron.com.mx\/wordpress\/wp-content\/uploads\/2020\/05\/cropped-YOUTUBE-5.jpg\",\"width\":800,\"height\":666,\"caption\":\"Bursatron s.c.\"},\"image\":{\"@id\":\"https:\/\/blog.bursatron.com.mx\/wordpress\/#\/schema\/logo\/image\/\"},\"sameAs\":[\"https:\/\/www.facebook.com\/Bursatron\",\"https:\/\/x.com\/CursosAMIB\",\"https:\/\/www.bursatron.com.mx\/portal\/\"]}]}<\/script>\n<!-- \/ Yoast SEO plugin. -->","yoast_head_json":{"title":"Cultura Empresarial - Bursatron s.c.","robots":{"index":"index","follow":"follow","max-snippet":"max-snippet:-1","max-image-preview":"max-image-preview:large","max-video-preview":"max-video-preview:-1"},"canonical":"https:\/\/blog.bursatron.com.mx\/wordpress\/cultura-empresarial\/","og_locale":"es_MX","og_type":"article","og_title":"Cultura Empresarial - Bursatron s.c.","og_description":"Autor: Eric Torres &#8211; Tiempo de lectura: 5 minutos Seguramente al escuchar la palabra\u00a0vendedor, la asocias a palabras como estafa, enga\u00f1o o mentiras, ya sea porque hayas tenido alguna mala experiencia, o bien porque adquiriste alg\u00fan producto y no recibiste lo que esperabas del mismo. Cualquiera que sea el caso,Continua leyendo","og_url":"https:\/\/blog.bursatron.com.mx\/wordpress\/cultura-empresarial\/","og_site_name":"Bursatron s.c.","article_publisher":"https:\/\/www.facebook.com\/Bursatron","article_modified_time":"2024-05-08T02:26:44+00:00","og_image":[{"url":"https:\/\/blog.bursatron.com.mx\/wordpress\/wp-content\/uploads\/2022\/01\/Articulos-1.jpg"}],"twitter_card":"summary_large_image","twitter_site":"@CursosAMIB","twitter_misc":{"Tiempo de lectura":"1 minuto"},"schema":{"@context":"https:\/\/schema.org","@graph":[{"@type":"WebPage","@id":"https:\/\/blog.bursatron.com.mx\/wordpress\/cultura-empresarial\/","url":"https:\/\/blog.bursatron.com.mx\/wordpress\/cultura-empresarial\/","name":"Cultura Empresarial - Bursatron s.c.","isPartOf":{"@id":"https:\/\/blog.bursatron.com.mx\/wordpress\/#website"},"primaryImageOfPage":{"@id":"https:\/\/blog.bursatron.com.mx\/wordpress\/cultura-empresarial\/#primaryimage"},"image":{"@id":"https:\/\/blog.bursatron.com.mx\/wordpress\/cultura-empresarial\/#primaryimage"},"thumbnailUrl":"https:\/\/blog.bursatron.com.mx\/wordpress\/wp-content\/uploads\/2022\/01\/Articulos-1.jpg","datePublished":"2021-04-09T16:51:22+00:00","dateModified":"2024-05-08T02:26:44+00:00","breadcrumb":{"@id":"https:\/\/blog.bursatron.com.mx\/wordpress\/cultura-empresarial\/#breadcrumb"},"inLanguage":"es","potentialAction":[{"@type":"ReadAction","target":["https:\/\/blog.bursatron.com.mx\/wordpress\/cultura-empresarial\/"]}]},{"@type":"ImageObject","inLanguage":"es","@id":"https:\/\/blog.bursatron.com.mx\/wordpress\/cultura-empresarial\/#primaryimage","url":"https:\/\/blog.bursatron.com.mx\/wordpress\/wp-content\/uploads\/2022\/01\/Articulos-1.jpg","contentUrl":"https:\/\/blog.bursatron.com.mx\/wordpress\/wp-content\/uploads\/2022\/01\/Articulos-1.jpg","width":2000,"height":600},{"@type":"BreadcrumbList","@id":"https:\/\/blog.bursatron.com.mx\/wordpress\/cultura-empresarial\/#breadcrumb","itemListElement":[{"@type":"ListItem","position":1,"name":"Inicio","item":"https:\/\/blog.bursatron.com.mx\/wordpress\/"},{"@type":"ListItem","position":2,"name":"Cultura Empresarial"}]},{"@type":"WebSite","@id":"https:\/\/blog.bursatron.com.mx\/wordpress\/#website","url":"https:\/\/blog.bursatron.com.mx\/wordpress\/","name":"Bursatron s.c.","description":"","publisher":{"@id":"https:\/\/blog.bursatron.com.mx\/wordpress\/#organization"},"potentialAction":[{"@type":"SearchAction","target":{"@type":"EntryPoint","urlTemplate":"https:\/\/blog.bursatron.com.mx\/wordpress\/?s={search_term_string}"},"query-input":"required name=search_term_string"}],"inLanguage":"es"},{"@type":"Organization","@id":"https:\/\/blog.bursatron.com.mx\/wordpress\/#organization","name":"Bursatron s.c.","url":"https:\/\/blog.bursatron.com.mx\/wordpress\/","logo":{"@type":"ImageObject","inLanguage":"es","@id":"https:\/\/blog.bursatron.com.mx\/wordpress\/#\/schema\/logo\/image\/","url":"https:\/\/blog.bursatron.com.mx\/wordpress\/wp-content\/uploads\/2020\/05\/cropped-YOUTUBE-5.jpg","contentUrl":"https:\/\/blog.bursatron.com.mx\/wordpress\/wp-content\/uploads\/2020\/05\/cropped-YOUTUBE-5.jpg","width":800,"height":666,"caption":"Bursatron s.c."},"image":{"@id":"https:\/\/blog.bursatron.com.mx\/wordpress\/#\/schema\/logo\/image\/"},"sameAs":["https:\/\/www.facebook.com\/Bursatron","https:\/\/x.com\/CursosAMIB","https:\/\/www.bursatron.com.mx\/portal\/"]}]}},"_links":{"self":[{"href":"https:\/\/blog.bursatron.com.mx\/wordpress\/wp-json\/wp\/v2\/pages\/1148"}],"collection":[{"href":"https:\/\/blog.bursatron.com.mx\/wordpress\/wp-json\/wp\/v2\/pages"}],"about":[{"href":"https:\/\/blog.bursatron.com.mx\/wordpress\/wp-json\/wp\/v2\/types\/page"}],"author":[{"embeddable":true,"href":"https:\/\/blog.bursatron.com.mx\/wordpress\/wp-json\/wp\/v2\/users\/3"}],"replies":[{"embeddable":true,"href":"https:\/\/blog.bursatron.com.mx\/wordpress\/wp-json\/wp\/v2\/comments?post=1148"}],"version-history":[{"count":14,"href":"https:\/\/blog.bursatron.com.mx\/wordpress\/wp-json\/wp\/v2\/pages\/1148\/revisions"}],"predecessor-version":[{"id":3039,"href":"https:\/\/blog.bursatron.com.mx\/wordpress\/wp-json\/wp\/v2\/pages\/1148\/revisions\/3039"}],"wp:attachment":[{"href":"https:\/\/blog.bursatron.com.mx\/wordpress\/wp-json\/wp\/v2\/media?parent=1148"}],"curies":[{"name":"wp","href":"https:\/\/api.w.org\/{rel}","templated":true}]}}