{"id":1852,"date":"2021-05-28T16:47:58","date_gmt":"2021-05-28T21:47:58","guid":{"rendered":"https:\/\/blog.bursatron.com.mx\/wordpress\/?page_id=1852"},"modified":"2024-05-07T21:27:03","modified_gmt":"2024-05-08T02:27:03","slug":"desarrollo-humano","status":"publish","type":"page","link":"https:\/\/blog.bursatron.com.mx\/wordpress\/desarrollo-humano\/","title":{"rendered":"Desarrollo Humano"},"content":{"rendered":"\t\t<div data-elementor-type=\"wp-page\" data-elementor-id=\"1852\" class=\"elementor elementor-1852\" data-elementor-settings=\"[]\">\n\t\t\t\t\t\t<div class=\"elementor-inner\">\n\t\t\t\t\t\t\t<div class=\"elementor-section-wrap\">\n\t\t\t\t\t\t\t<section class=\"elementor-section elementor-top-section elementor-element elementor-element-72b884c elementor-section-boxed elementor-section-height-default elementor-section-height-default\" data-id=\"72b884c\" data-element_type=\"section\">\n\t\t\t\t\t\t<div class=\"elementor-container elementor-column-gap-default\">\n\t\t\t\t\t\t\t<div class=\"elementor-row\">\n\t\t\t\t\t<div class=\"elementor-column elementor-col-100 elementor-top-column elementor-element elementor-element-a773e39\" data-id=\"a773e39\" data-element_type=\"column\">\n\t\t\t<div class=\"elementor-column-wrap elementor-element-populated\">\n\t\t\t\t\t\t\t<div class=\"elementor-widget-wrap\">\n\t\t\t\t\t\t<div class=\"elementor-element elementor-element-92db05b elementor-position-top elementor-vertical-align-top elementor-widget elementor-widget-image-box\" data-id=\"92db05b\" data-element_type=\"widget\" data-widget_type=\"image-box.default\">\n\t\t\t\t<div class=\"elementor-widget-container\">\n\t\t\t<div class=\"elementor-image-box-wrapper\"><figure class=\"elementor-image-box-img\"><img loading=\"lazy\" decoding=\"async\" width=\"2000\" height=\"600\" src=\"https:\/\/blog.bursatron.com.mx\/wordpress\/wp-content\/uploads\/2021\/05\/Menu-4.jpg\" class=\"attachment-full size-full\" alt=\"\" srcset=\"https:\/\/blog.bursatron.com.mx\/wordpress\/wp-content\/uploads\/2021\/05\/Menu-4.jpg 2000w, https:\/\/blog.bursatron.com.mx\/wordpress\/wp-content\/uploads\/2021\/05\/Menu-4-300x90.jpg 300w, https:\/\/blog.bursatron.com.mx\/wordpress\/wp-content\/uploads\/2021\/05\/Menu-4-1024x307.jpg 1024w, https:\/\/blog.bursatron.com.mx\/wordpress\/wp-content\/uploads\/2021\/05\/Menu-4-768x230.jpg 768w, https:\/\/blog.bursatron.com.mx\/wordpress\/wp-content\/uploads\/2021\/05\/Menu-4-1536x461.jpg 1536w, https:\/\/blog.bursatron.com.mx\/wordpress\/wp-content\/uploads\/2021\/05\/Menu-4-465x140.jpg 465w, https:\/\/blog.bursatron.com.mx\/wordpress\/wp-content\/uploads\/2021\/05\/Menu-4-695x209.jpg 695w\" sizes=\"(max-width: 2000px) 100vw, 2000px\" \/><\/figure><div class=\"elementor-image-box-content\"><p class=\"elementor-image-box-description\">Autor: Mtro. Juan Manuel Cruz Santill\u00e1n - Tiempo de lectura: 8 minutos<\/p><\/div><\/div>\t\t<\/div>\n\t\t\t\t<\/div>\n\t\t\t\t<div class=\"elementor-element elementor-element-521e34d elementor-widget elementor-widget-text-editor\" data-id=\"521e34d\" data-element_type=\"widget\" data-widget_type=\"text-editor.default\">\n\t\t\t\t<div class=\"elementor-widget-container\">\n\t\t\t\t\t\t\t\t<div class=\"elementor-text-editor elementor-clearfix\">\n\t\t\t\t\t<p>Todos hemos o\u00eddo alguna vez la palabra liderazgo; pero cu\u00e1ntas veces nos hemos preguntado \u00bfqu\u00e9 es?, \u00bfc\u00f3mo se ve? o \u00bfse aplica? En este articulo hablamos m\u00e1s de este tema.<\/p>\t\t\t\t\t<\/div>\n\t\t\t\t\t\t<\/div>\n\t\t\t\t<\/div>\n\t\t\t\t\t\t<\/div>\n\t\t\t\t\t<\/div>\n\t\t<\/div>\n\t\t\t\t\t\t\t\t<\/div>\n\t\t\t\t\t<\/div>\n\t\t<\/section>\n\t\t\t\t<section class=\"elementor-section elementor-top-section elementor-element elementor-element-e003566 elementor-section-boxed elementor-section-height-default elementor-section-height-default\" data-id=\"e003566\" data-element_type=\"section\">\n\t\t\t\t\t\t<div class=\"elementor-container elementor-column-gap-default\">\n\t\t\t\t\t\t\t<div class=\"elementor-row\">\n\t\t\t\t\t<div class=\"elementor-column elementor-col-100 elementor-top-column elementor-element elementor-element-aa42add\" data-id=\"aa42add\" data-element_type=\"column\">\n\t\t\t<div class=\"elementor-column-wrap elementor-element-populated\">\n\t\t\t\t\t\t\t<div class=\"elementor-widget-wrap\">\n\t\t\t\t\t\t<div class=\"elementor-element elementor-element-a86f48d elementor-align-center elementor-widget elementor-widget-button\" data-id=\"a86f48d\" data-element_type=\"widget\" data-widget_type=\"button.default\">\n\t\t\t\t<div class=\"elementor-widget-container\">\n\t\t\t\t\t<div class=\"elementor-button-wrapper\">\n\t\t\t<a href=\"https:\/\/blog.bursatron.com.mx\/wordpress\/conoces-tu-estilo-de-liderazgo\/\" class=\"elementor-button-link elementor-button elementor-size-sm\" role=\"button\">\n\t\t\t\t\t\t<span class=\"elementor-button-content-wrapper\">\n\t\t\t\t\t\t<span class=\"elementor-button-text\">Leer m\u00e1s<\/span>\n\t\t<\/span>\n\t\t\t\t\t<\/a>\n\t\t<\/div>\n\t\t\t\t<\/div>\n\t\t\t\t<\/div>\n\t\t\t\t\t\t<\/div>\n\t\t\t\t\t<\/div>\n\t\t<\/div>\n\t\t\t\t\t\t\t\t<\/div>\n\t\t\t\t\t<\/div>\n\t\t<\/section>\n\t\t\t\t\t\t<\/div>\n\t\t\t\t\t\t<\/div>\n\t\t\t\t\t<\/div>\n\t\t","protected":false},"excerpt":{"rendered":"<p>Autor: Mtro. Juan Manuel Cruz Santill\u00e1n &#8211; Tiempo de lectura: 8 minutos Todos hemos o\u00eddo alguna vez la palabra liderazgo; pero cu\u00e1ntas veces nos hemos preguntado \u00bfqu\u00e9 es?, \u00bfc\u00f3mo se ve? o \u00bfse aplica? En este articulo hablamos m\u00e1s de este tema. Leer m\u00e1s<span class=\"more-link\"><a href=\"https:\/\/blog.bursatron.com.mx\/wordpress\/desarrollo-humano\/\">Continua leyendo<\/a><\/span><\/p>\n","protected":false},"author":3,"featured_media":0,"parent":0,"menu_order":0,"comment_status":"closed","ping_status":"closed","template":"","meta":{"footnotes":""},"yoast_head":"<!-- This site is optimized with the Yoast SEO plugin v22.9 - https:\/\/yoast.com\/wordpress\/plugins\/seo\/ -->\n<title>Desarrollo Humano - Bursatron s.c.<\/title>\n<meta name=\"robots\" content=\"index, follow, max-snippet:-1, max-image-preview:large, max-video-preview:-1\" \/>\n<link rel=\"canonical\" href=\"https:\/\/blog.bursatron.com.mx\/wordpress\/desarrollo-humano\/\" \/>\n<meta property=\"og:locale\" content=\"es_MX\" \/>\n<meta property=\"og:type\" content=\"article\" \/>\n<meta property=\"og:title\" content=\"Desarrollo Humano - Bursatron s.c.\" \/>\n<meta property=\"og:description\" content=\"Autor: Mtro. Juan Manuel Cruz Santill\u00e1n &#8211; Tiempo de lectura: 8 minutos Todos hemos o\u00eddo alguna vez la palabra liderazgo; pero cu\u00e1ntas veces nos hemos preguntado \u00bfqu\u00e9 es?, \u00bfc\u00f3mo se ve? o \u00bfse aplica? En este articulo hablamos m\u00e1s de este tema. Leer m\u00e1sContinua leyendo\" \/>\n<meta property=\"og:url\" content=\"https:\/\/blog.bursatron.com.mx\/wordpress\/desarrollo-humano\/\" \/>\n<meta property=\"og:site_name\" content=\"Bursatron s.c.\" \/>\n<meta property=\"article:publisher\" content=\"https:\/\/www.facebook.com\/Bursatron\" \/>\n<meta property=\"article:modified_time\" content=\"2024-05-08T02:27:03+00:00\" \/>\n<meta property=\"og:image\" content=\"https:\/\/blog.bursatron.com.mx\/wordpress\/wp-content\/uploads\/2021\/05\/Menu-4.jpg\" \/>\n<meta name=\"twitter:card\" content=\"summary_large_image\" \/>\n<meta name=\"twitter:site\" content=\"@CursosAMIB\" \/>\n<script type=\"application\/ld+json\" class=\"yoast-schema-graph\">{\"@context\":\"https:\/\/schema.org\",\"@graph\":[{\"@type\":\"WebPage\",\"@id\":\"https:\/\/blog.bursatron.com.mx\/wordpress\/desarrollo-humano\/\",\"url\":\"https:\/\/blog.bursatron.com.mx\/wordpress\/desarrollo-humano\/\",\"name\":\"Desarrollo Humano - Bursatron s.c.\",\"isPartOf\":{\"@id\":\"https:\/\/blog.bursatron.com.mx\/wordpress\/#website\"},\"primaryImageOfPage\":{\"@id\":\"https:\/\/blog.bursatron.com.mx\/wordpress\/desarrollo-humano\/#primaryimage\"},\"image\":{\"@id\":\"https:\/\/blog.bursatron.com.mx\/wordpress\/desarrollo-humano\/#primaryimage\"},\"thumbnailUrl\":\"https:\/\/blog.bursatron.com.mx\/wordpress\/wp-content\/uploads\/2021\/05\/Menu-4.jpg\",\"datePublished\":\"2021-05-28T21:47:58+00:00\",\"dateModified\":\"2024-05-08T02:27:03+00:00\",\"breadcrumb\":{\"@id\":\"https:\/\/blog.bursatron.com.mx\/wordpress\/desarrollo-humano\/#breadcrumb\"},\"inLanguage\":\"es\",\"potentialAction\":[{\"@type\":\"ReadAction\",\"target\":[\"https:\/\/blog.bursatron.com.mx\/wordpress\/desarrollo-humano\/\"]}]},{\"@type\":\"ImageObject\",\"inLanguage\":\"es\",\"@id\":\"https:\/\/blog.bursatron.com.mx\/wordpress\/desarrollo-humano\/#primaryimage\",\"url\":\"https:\/\/blog.bursatron.com.mx\/wordpress\/wp-content\/uploads\/2021\/05\/Menu-4.jpg\",\"contentUrl\":\"https:\/\/blog.bursatron.com.mx\/wordpress\/wp-content\/uploads\/2021\/05\/Menu-4.jpg\",\"width\":2000,\"height\":600},{\"@type\":\"BreadcrumbList\",\"@id\":\"https:\/\/blog.bursatron.com.mx\/wordpress\/desarrollo-humano\/#breadcrumb\",\"itemListElement\":[{\"@type\":\"ListItem\",\"position\":1,\"name\":\"Inicio\",\"item\":\"https:\/\/blog.bursatron.com.mx\/wordpress\/\"},{\"@type\":\"ListItem\",\"position\":2,\"name\":\"Desarrollo Humano\"}]},{\"@type\":\"WebSite\",\"@id\":\"https:\/\/blog.bursatron.com.mx\/wordpress\/#website\",\"url\":\"https:\/\/blog.bursatron.com.mx\/wordpress\/\",\"name\":\"Bursatron s.c.\",\"description\":\"\",\"publisher\":{\"@id\":\"https:\/\/blog.bursatron.com.mx\/wordpress\/#organization\"},\"potentialAction\":[{\"@type\":\"SearchAction\",\"target\":{\"@type\":\"EntryPoint\",\"urlTemplate\":\"https:\/\/blog.bursatron.com.mx\/wordpress\/?s={search_term_string}\"},\"query-input\":\"required name=search_term_string\"}],\"inLanguage\":\"es\"},{\"@type\":\"Organization\",\"@id\":\"https:\/\/blog.bursatron.com.mx\/wordpress\/#organization\",\"name\":\"Bursatron s.c.\",\"url\":\"https:\/\/blog.bursatron.com.mx\/wordpress\/\",\"logo\":{\"@type\":\"ImageObject\",\"inLanguage\":\"es\",\"@id\":\"https:\/\/blog.bursatron.com.mx\/wordpress\/#\/schema\/logo\/image\/\",\"url\":\"https:\/\/blog.bursatron.com.mx\/wordpress\/wp-content\/uploads\/2020\/05\/cropped-YOUTUBE-5.jpg\",\"contentUrl\":\"https:\/\/blog.bursatron.com.mx\/wordpress\/wp-content\/uploads\/2020\/05\/cropped-YOUTUBE-5.jpg\",\"width\":800,\"height\":666,\"caption\":\"Bursatron s.c.\"},\"image\":{\"@id\":\"https:\/\/blog.bursatron.com.mx\/wordpress\/#\/schema\/logo\/image\/\"},\"sameAs\":[\"https:\/\/www.facebook.com\/Bursatron\",\"https:\/\/x.com\/CursosAMIB\",\"https:\/\/www.bursatron.com.mx\/portal\/\"]}]}<\/script>\n<!-- \/ Yoast SEO plugin. -->","yoast_head_json":{"title":"Desarrollo Humano - Bursatron s.c.","robots":{"index":"index","follow":"follow","max-snippet":"max-snippet:-1","max-image-preview":"max-image-preview:large","max-video-preview":"max-video-preview:-1"},"canonical":"https:\/\/blog.bursatron.com.mx\/wordpress\/desarrollo-humano\/","og_locale":"es_MX","og_type":"article","og_title":"Desarrollo Humano - Bursatron s.c.","og_description":"Autor: Mtro. Juan Manuel Cruz Santill\u00e1n &#8211; Tiempo de lectura: 8 minutos Todos hemos o\u00eddo alguna vez la palabra liderazgo; pero cu\u00e1ntas veces nos hemos preguntado \u00bfqu\u00e9 es?, \u00bfc\u00f3mo se ve? o \u00bfse aplica? En este articulo hablamos m\u00e1s de este tema. Leer m\u00e1sContinua leyendo","og_url":"https:\/\/blog.bursatron.com.mx\/wordpress\/desarrollo-humano\/","og_site_name":"Bursatron s.c.","article_publisher":"https:\/\/www.facebook.com\/Bursatron","article_modified_time":"2024-05-08T02:27:03+00:00","og_image":[{"url":"https:\/\/blog.bursatron.com.mx\/wordpress\/wp-content\/uploads\/2021\/05\/Menu-4.jpg"}],"twitter_card":"summary_large_image","twitter_site":"@CursosAMIB","schema":{"@context":"https:\/\/schema.org","@graph":[{"@type":"WebPage","@id":"https:\/\/blog.bursatron.com.mx\/wordpress\/desarrollo-humano\/","url":"https:\/\/blog.bursatron.com.mx\/wordpress\/desarrollo-humano\/","name":"Desarrollo Humano - Bursatron s.c.","isPartOf":{"@id":"https:\/\/blog.bursatron.com.mx\/wordpress\/#website"},"primaryImageOfPage":{"@id":"https:\/\/blog.bursatron.com.mx\/wordpress\/desarrollo-humano\/#primaryimage"},"image":{"@id":"https:\/\/blog.bursatron.com.mx\/wordpress\/desarrollo-humano\/#primaryimage"},"thumbnailUrl":"https:\/\/blog.bursatron.com.mx\/wordpress\/wp-content\/uploads\/2021\/05\/Menu-4.jpg","datePublished":"2021-05-28T21:47:58+00:00","dateModified":"2024-05-08T02:27:03+00:00","breadcrumb":{"@id":"https:\/\/blog.bursatron.com.mx\/wordpress\/desarrollo-humano\/#breadcrumb"},"inLanguage":"es","potentialAction":[{"@type":"ReadAction","target":["https:\/\/blog.bursatron.com.mx\/wordpress\/desarrollo-humano\/"]}]},{"@type":"ImageObject","inLanguage":"es","@id":"https:\/\/blog.bursatron.com.mx\/wordpress\/desarrollo-humano\/#primaryimage","url":"https:\/\/blog.bursatron.com.mx\/wordpress\/wp-content\/uploads\/2021\/05\/Menu-4.jpg","contentUrl":"https:\/\/blog.bursatron.com.mx\/wordpress\/wp-content\/uploads\/2021\/05\/Menu-4.jpg","width":2000,"height":600},{"@type":"BreadcrumbList","@id":"https:\/\/blog.bursatron.com.mx\/wordpress\/desarrollo-humano\/#breadcrumb","itemListElement":[{"@type":"ListItem","position":1,"name":"Inicio","item":"https:\/\/blog.bursatron.com.mx\/wordpress\/"},{"@type":"ListItem","position":2,"name":"Desarrollo Humano"}]},{"@type":"WebSite","@id":"https:\/\/blog.bursatron.com.mx\/wordpress\/#website","url":"https:\/\/blog.bursatron.com.mx\/wordpress\/","name":"Bursatron s.c.","description":"","publisher":{"@id":"https:\/\/blog.bursatron.com.mx\/wordpress\/#organization"},"potentialAction":[{"@type":"SearchAction","target":{"@type":"EntryPoint","urlTemplate":"https:\/\/blog.bursatron.com.mx\/wordpress\/?s={search_term_string}"},"query-input":"required name=search_term_string"}],"inLanguage":"es"},{"@type":"Organization","@id":"https:\/\/blog.bursatron.com.mx\/wordpress\/#organization","name":"Bursatron s.c.","url":"https:\/\/blog.bursatron.com.mx\/wordpress\/","logo":{"@type":"ImageObject","inLanguage":"es","@id":"https:\/\/blog.bursatron.com.mx\/wordpress\/#\/schema\/logo\/image\/","url":"https:\/\/blog.bursatron.com.mx\/wordpress\/wp-content\/uploads\/2020\/05\/cropped-YOUTUBE-5.jpg","contentUrl":"https:\/\/blog.bursatron.com.mx\/wordpress\/wp-content\/uploads\/2020\/05\/cropped-YOUTUBE-5.jpg","width":800,"height":666,"caption":"Bursatron s.c."},"image":{"@id":"https:\/\/blog.bursatron.com.mx\/wordpress\/#\/schema\/logo\/image\/"},"sameAs":["https:\/\/www.facebook.com\/Bursatron","https:\/\/x.com\/CursosAMIB","https:\/\/www.bursatron.com.mx\/portal\/"]}]}},"_links":{"self":[{"href":"https:\/\/blog.bursatron.com.mx\/wordpress\/wp-json\/wp\/v2\/pages\/1852"}],"collection":[{"href":"https:\/\/blog.bursatron.com.mx\/wordpress\/wp-json\/wp\/v2\/pages"}],"about":[{"href":"https:\/\/blog.bursatron.com.mx\/wordpress\/wp-json\/wp\/v2\/types\/page"}],"author":[{"embeddable":true,"href":"https:\/\/blog.bursatron.com.mx\/wordpress\/wp-json\/wp\/v2\/users\/3"}],"replies":[{"embeddable":true,"href":"https:\/\/blog.bursatron.com.mx\/wordpress\/wp-json\/wp\/v2\/comments?post=1852"}],"version-history":[{"count":11,"href":"https:\/\/blog.bursatron.com.mx\/wordpress\/wp-json\/wp\/v2\/pages\/1852\/revisions"}],"predecessor-version":[{"id":3041,"href":"https:\/\/blog.bursatron.com.mx\/wordpress\/wp-json\/wp\/v2\/pages\/1852\/revisions\/3041"}],"wp:attachment":[{"href":"https:\/\/blog.bursatron.com.mx\/wordpress\/wp-json\/wp\/v2\/media?parent=1852"}],"curies":[{"name":"wp","href":"https:\/\/api.w.org\/{rel}","templated":true}]}}