{"id":278,"date":"2020-05-28T13:23:13","date_gmt":"2020-05-28T18:23:13","guid":{"rendered":"http:\/\/blog.bursatron.com.mx\/wordpress\/?page_id=278"},"modified":"2024-05-07T21:26:35","modified_gmt":"2024-05-08T02:26:35","slug":"contacto","status":"publish","type":"page","link":"https:\/\/blog.bursatron.com.mx\/wordpress\/contacto\/","title":{"rendered":"Contacto"},"content":{"rendered":"\t\t<div data-elementor-type=\"wp-page\" data-elementor-id=\"278\" class=\"elementor elementor-278\" data-elementor-settings=\"[]\">\n\t\t\t\t\t\t<div class=\"elementor-inner\">\n\t\t\t\t\t\t\t<div class=\"elementor-section-wrap\">\n\t\t\t\t\t\t\t<section class=\"elementor-section elementor-top-section elementor-element elementor-element-4fdf941 elementor-section-boxed elementor-section-height-default elementor-section-height-default\" data-id=\"4fdf941\" data-element_type=\"section\">\n\t\t\t\t\t\t<div class=\"elementor-container elementor-column-gap-default\">\n\t\t\t\t\t\t\t<div class=\"elementor-row\">\n\t\t\t\t\t<div class=\"elementor-column elementor-col-100 elementor-top-column elementor-element elementor-element-e7eb2d0\" data-id=\"e7eb2d0\" data-element_type=\"column\">\n\t\t\t<div class=\"elementor-column-wrap elementor-element-populated\">\n\t\t\t\t\t\t\t<div class=\"elementor-widget-wrap\">\n\t\t\t\t\t\t<div class=\"elementor-element elementor-element-34bc98f elementor-widget elementor-widget-text-editor\" data-id=\"34bc98f\" data-element_type=\"widget\" data-widget_type=\"text-editor.default\">\n\t\t\t\t<div class=\"elementor-widget-container\">\n\t\t\t\t\t\t\t\t<div class=\"elementor-text-editor elementor-clearfix\">\n\t\t\t\t\t<p><span style=\"color: #000000;\">Si deseas m\u00e1s informaci\u00f3n de alg\u00fan servicio o producto<\/span><br \/><span style=\"color: #000000;\">Escribe un correo a:<\/span>\u00a0<a href=\"mailto:ventas@bursatron.com.mx?Subject=Portal%20Bursatron\">ventas@bursatron.com.mx<\/a><br \/><span style=\"color: #000000;\">O llama al (55) 65875717 \/ 65875718<\/span><\/p>\t\t\t\t\t<\/div>\n\t\t\t\t\t\t<\/div>\n\t\t\t\t<\/div>\n\t\t\t\t\t\t<\/div>\n\t\t\t\t\t<\/div>\n\t\t<\/div>\n\t\t\t\t\t\t\t\t<\/div>\n\t\t\t\t\t<\/div>\n\t\t<\/section>\n\t\t\t\t<section class=\"elementor-section elementor-top-section elementor-element elementor-element-564b6ac elementor-section-boxed elementor-section-height-default elementor-section-height-default\" data-id=\"564b6ac\" data-element_type=\"section\">\n\t\t\t\t\t\t<div class=\"elementor-container elementor-column-gap-default\">\n\t\t\t\t\t\t\t<div class=\"elementor-row\">\n\t\t\t\t\t<div class=\"elementor-column elementor-col-50 elementor-top-column elementor-element elementor-element-69157f7\" data-id=\"69157f7\" data-element_type=\"column\">\n\t\t\t<div class=\"elementor-column-wrap elementor-element-populated\">\n\t\t\t\t\t\t\t<div class=\"elementor-widget-wrap\">\n\t\t\t\t\t\t<div class=\"elementor-element elementor-element-78f8e7c elementor-widget elementor-widget-google_maps\" data-id=\"78f8e7c\" data-element_type=\"widget\" data-widget_type=\"google_maps.default\">\n\t\t\t\t<div class=\"elementor-widget-container\">\n\t\t\t<div class=\"elementor-custom-embed\"><iframe frameborder=\"0\" scrolling=\"no\" marginheight=\"0\" marginwidth=\"0\" src=\"https:\/\/maps.google.com\/maps?q=Rio%20Panuco%20110%2C%20Cuauht%C3%A9moc%2C%2006500%20Ciudad%20de%20M%C3%A9xico%2C%20CDMX&amp;t=m&amp;z=15&amp;output=embed&amp;iwloc=near\" title=\"Rio Panuco 110, Cuauht\u00e9moc, 06500 Ciudad de M\u00e9xico, CDMX\" aria-label=\"Rio Panuco 110, Cuauht\u00e9moc, 06500 Ciudad de M\u00e9xico, CDMX\"><\/iframe><\/div>\t\t<\/div>\n\t\t\t\t<\/div>\n\t\t\t\t\t\t<\/div>\n\t\t\t\t\t<\/div>\n\t\t<\/div>\n\t\t\t\t<div class=\"elementor-column elementor-col-50 elementor-top-column elementor-element elementor-element-2be3362\" data-id=\"2be3362\" data-element_type=\"column\">\n\t\t\t<div class=\"elementor-column-wrap elementor-element-populated\">\n\t\t\t\t\t\t\t<div class=\"elementor-widget-wrap\">\n\t\t\t\t\t\t<div class=\"elementor-element elementor-element-1a6fa6c elementor-widget elementor-widget-content_form_contact\" data-id=\"1a6fa6c\" data-element_type=\"widget\" data-widget_type=\"content_form_contact.default\">\n\t\t\t\t<div class=\"elementor-widget-container\">\n\t\t\t<form action=\"https:\/\/blog.bursatron.com.mx\/wordpress\/wp-admin\/admin-post.php\" method=\"post\" name=\"content-form-1a6fa6c\" id=\"content-form-1a6fa6c\" class=\"ti-cf-module content-form content-form-contact content_form_contact\"><input type=\"hidden\" id=\"_wpnonce_contact\" name=\"_wpnonce_contact\" value=\"60a42be53d\" \/><input type=\"hidden\" name=\"_wp_http_referer\" value=\"\/wordpress\/wp-json\/wp\/v2\/pages\/278\" \/><input type=\"hidden\" name=\"action\" value=\"content_form_submit\" \/><input type=\"hidden\" name=\"form-type\" value=\"contact\" \/><input type=\"hidden\" name=\"form-builder\" value=\"elementor\" \/><input type=\"hidden\" name=\"post-id\" value=\"278\" \/><input type=\"hidden\" name=\"form-id\" value=\"1a6fa6c\" \/><fieldset class=\"content-form-field-text elementor-column elementor-col-100\"><label for=\"data[1a6fa6c][name]\" >Tu nombre:<span class=\"required-mark\"> *<\/span><\/label><input type=\"text\" name=\"data[1a6fa6c][name]\" id=\"data[1a6fa6c][name]\" required=\"required\"  placeholder=\"Nombre\"><\/fieldset><fieldset class=\"content-form-field-email elementor-column elementor-col-100\"><label for=\"data[1a6fa6c][email]\" >Tu correo electr\u00f3nico:<span class=\"required-mark\"> *<\/span><\/label><input type=\"text\" name=\"data[1a6fa6c][email]\" id=\"data[1a6fa6c][email]\" required=\"required\"  placeholder=\"correo electr\u00f3nico\"><\/fieldset><fieldset class=\"content-form-field-number elementor-column elementor-col-100\"><label for=\"data[1a6fa6c][phone]\" >Tu tel\u00e9fono:<\/label><input type=\"text\" name=\"data[1a6fa6c][phone]\" id=\"data[1a6fa6c][phone]\"   placeholder=\"Tu tel\u00e9fono:\"><\/fieldset><fieldset class=\"content-form-field-textarea elementor-column elementor-col-100\"><label for=\"data[1a6fa6c][message]\" >Mensaje:<\/label><textarea name=\"data[1a6fa6c][message]\" id=\"data[1a6fa6c][message]\"   placeholder=\"Mensaje\" cols=\"30\" rows=\"5\"><\/textarea><\/fieldset><fieldset class=\"submit-form contact\"><button type=\"submit\" name=\"submit\"  value=\"submit-contact-1a6fa6c\" class=\"\">Enviar<\/button><\/fieldset><\/form>\t\t<\/div>\n\t\t\t\t<\/div>\n\t\t\t\t\t\t<\/div>\n\t\t\t\t\t<\/div>\n\t\t<\/div>\n\t\t\t\t\t\t\t\t<\/div>\n\t\t\t\t\t<\/div>\n\t\t<\/section>\n\t\t\t\t\t\t<\/div>\n\t\t\t\t\t\t<\/div>\n\t\t\t\t\t<\/div>\n\t\t","protected":false},"excerpt":{"rendered":"<p>Si deseas m\u00e1s informaci\u00f3n de alg\u00fan servicio o producto Escribe un correo a:\u00a0ventas@bursatron.com.mx O llama al (55) 65875717 \/ 65875718 Tu nombre: * Tu correo electr\u00f3nico: * Tu tel\u00e9fono: Mensaje: Enviar<span class=\"more-link\"><a href=\"https:\/\/blog.bursatron.com.mx\/wordpress\/contacto\/\">Continua leyendo<\/a><\/span><\/p>\n","protected":false},"author":3,"featured_media":0,"parent":0,"menu_order":0,"comment_status":"closed","ping_status":"closed","template":"","meta":{"footnotes":""},"yoast_head":"<!-- This site is optimized with the Yoast SEO plugin v22.9 - https:\/\/yoast.com\/wordpress\/plugins\/seo\/ -->\n<title>Contacto - Bursatron s.c.<\/title>\n<meta name=\"robots\" content=\"index, follow, max-snippet:-1, max-image-preview:large, max-video-preview:-1\" \/>\n<link rel=\"canonical\" href=\"https:\/\/blog.bursatron.com.mx\/wordpress\/contacto\/\" \/>\n<meta property=\"og:locale\" content=\"es_MX\" \/>\n<meta property=\"og:type\" content=\"article\" \/>\n<meta property=\"og:title\" content=\"Contacto - Bursatron s.c.\" \/>\n<meta property=\"og:description\" content=\"Si deseas m\u00e1s informaci\u00f3n de alg\u00fan servicio o producto Escribe un correo a:\u00a0ventas@bursatron.com.mx O llama al (55) 65875717 \/ 65875718 Tu nombre: * Tu correo electr\u00f3nico: * Tu tel\u00e9fono: Mensaje: EnviarContinua leyendo\" \/>\n<meta property=\"og:url\" content=\"https:\/\/blog.bursatron.com.mx\/wordpress\/contacto\/\" \/>\n<meta property=\"og:site_name\" content=\"Bursatron s.c.\" \/>\n<meta property=\"article:publisher\" content=\"https:\/\/www.facebook.com\/Bursatron\" \/>\n<meta property=\"article:modified_time\" content=\"2024-05-08T02:26:35+00:00\" \/>\n<meta name=\"twitter:card\" content=\"summary_large_image\" \/>\n<meta name=\"twitter:site\" content=\"@CursosAMIB\" \/>\n<script type=\"application\/ld+json\" class=\"yoast-schema-graph\">{\"@context\":\"https:\/\/schema.org\",\"@graph\":[{\"@type\":\"WebPage\",\"@id\":\"https:\/\/blog.bursatron.com.mx\/wordpress\/contacto\/\",\"url\":\"https:\/\/blog.bursatron.com.mx\/wordpress\/contacto\/\",\"name\":\"Contacto - Bursatron s.c.\",\"isPartOf\":{\"@id\":\"https:\/\/blog.bursatron.com.mx\/wordpress\/#website\"},\"datePublished\":\"2020-05-28T18:23:13+00:00\",\"dateModified\":\"2024-05-08T02:26:35+00:00\",\"breadcrumb\":{\"@id\":\"https:\/\/blog.bursatron.com.mx\/wordpress\/contacto\/#breadcrumb\"},\"inLanguage\":\"es\",\"potentialAction\":[{\"@type\":\"ReadAction\",\"target\":[\"https:\/\/blog.bursatron.com.mx\/wordpress\/contacto\/\"]}]},{\"@type\":\"BreadcrumbList\",\"@id\":\"https:\/\/blog.bursatron.com.mx\/wordpress\/contacto\/#breadcrumb\",\"itemListElement\":[{\"@type\":\"ListItem\",\"position\":1,\"name\":\"Inicio\",\"item\":\"https:\/\/blog.bursatron.com.mx\/wordpress\/\"},{\"@type\":\"ListItem\",\"position\":2,\"name\":\"Contacto\"}]},{\"@type\":\"WebSite\",\"@id\":\"https:\/\/blog.bursatron.com.mx\/wordpress\/#website\",\"url\":\"https:\/\/blog.bursatron.com.mx\/wordpress\/\",\"name\":\"Bursatron s.c.\",\"description\":\"\",\"publisher\":{\"@id\":\"https:\/\/blog.bursatron.com.mx\/wordpress\/#organization\"},\"potentialAction\":[{\"@type\":\"SearchAction\",\"target\":{\"@type\":\"EntryPoint\",\"urlTemplate\":\"https:\/\/blog.bursatron.com.mx\/wordpress\/?s={search_term_string}\"},\"query-input\":\"required name=search_term_string\"}],\"inLanguage\":\"es\"},{\"@type\":\"Organization\",\"@id\":\"https:\/\/blog.bursatron.com.mx\/wordpress\/#organization\",\"name\":\"Bursatron s.c.\",\"url\":\"https:\/\/blog.bursatron.com.mx\/wordpress\/\",\"logo\":{\"@type\":\"ImageObject\",\"inLanguage\":\"es\",\"@id\":\"https:\/\/blog.bursatron.com.mx\/wordpress\/#\/schema\/logo\/image\/\",\"url\":\"https:\/\/blog.bursatron.com.mx\/wordpress\/wp-content\/uploads\/2020\/05\/cropped-YOUTUBE-5.jpg\",\"contentUrl\":\"https:\/\/blog.bursatron.com.mx\/wordpress\/wp-content\/uploads\/2020\/05\/cropped-YOUTUBE-5.jpg\",\"width\":800,\"height\":666,\"caption\":\"Bursatron s.c.\"},\"image\":{\"@id\":\"https:\/\/blog.bursatron.com.mx\/wordpress\/#\/schema\/logo\/image\/\"},\"sameAs\":[\"https:\/\/www.facebook.com\/Bursatron\",\"https:\/\/x.com\/CursosAMIB\",\"https:\/\/www.bursatron.com.mx\/portal\/\"]}]}<\/script>\n<!-- \/ Yoast SEO plugin. -->","yoast_head_json":{"title":"Contacto - Bursatron s.c.","robots":{"index":"index","follow":"follow","max-snippet":"max-snippet:-1","max-image-preview":"max-image-preview:large","max-video-preview":"max-video-preview:-1"},"canonical":"https:\/\/blog.bursatron.com.mx\/wordpress\/contacto\/","og_locale":"es_MX","og_type":"article","og_title":"Contacto - Bursatron s.c.","og_description":"Si deseas m\u00e1s informaci\u00f3n de alg\u00fan servicio o producto Escribe un correo a:\u00a0ventas@bursatron.com.mx O llama al (55) 65875717 \/ 65875718 Tu nombre: * Tu correo electr\u00f3nico: * Tu tel\u00e9fono: Mensaje: EnviarContinua leyendo","og_url":"https:\/\/blog.bursatron.com.mx\/wordpress\/contacto\/","og_site_name":"Bursatron s.c.","article_publisher":"https:\/\/www.facebook.com\/Bursatron","article_modified_time":"2024-05-08T02:26:35+00:00","twitter_card":"summary_large_image","twitter_site":"@CursosAMIB","schema":{"@context":"https:\/\/schema.org","@graph":[{"@type":"WebPage","@id":"https:\/\/blog.bursatron.com.mx\/wordpress\/contacto\/","url":"https:\/\/blog.bursatron.com.mx\/wordpress\/contacto\/","name":"Contacto - Bursatron s.c.","isPartOf":{"@id":"https:\/\/blog.bursatron.com.mx\/wordpress\/#website"},"datePublished":"2020-05-28T18:23:13+00:00","dateModified":"2024-05-08T02:26:35+00:00","breadcrumb":{"@id":"https:\/\/blog.bursatron.com.mx\/wordpress\/contacto\/#breadcrumb"},"inLanguage":"es","potentialAction":[{"@type":"ReadAction","target":["https:\/\/blog.bursatron.com.mx\/wordpress\/contacto\/"]}]},{"@type":"BreadcrumbList","@id":"https:\/\/blog.bursatron.com.mx\/wordpress\/contacto\/#breadcrumb","itemListElement":[{"@type":"ListItem","position":1,"name":"Inicio","item":"https:\/\/blog.bursatron.com.mx\/wordpress\/"},{"@type":"ListItem","position":2,"name":"Contacto"}]},{"@type":"WebSite","@id":"https:\/\/blog.bursatron.com.mx\/wordpress\/#website","url":"https:\/\/blog.bursatron.com.mx\/wordpress\/","name":"Bursatron s.c.","description":"","publisher":{"@id":"https:\/\/blog.bursatron.com.mx\/wordpress\/#organization"},"potentialAction":[{"@type":"SearchAction","target":{"@type":"EntryPoint","urlTemplate":"https:\/\/blog.bursatron.com.mx\/wordpress\/?s={search_term_string}"},"query-input":"required name=search_term_string"}],"inLanguage":"es"},{"@type":"Organization","@id":"https:\/\/blog.bursatron.com.mx\/wordpress\/#organization","name":"Bursatron s.c.","url":"https:\/\/blog.bursatron.com.mx\/wordpress\/","logo":{"@type":"ImageObject","inLanguage":"es","@id":"https:\/\/blog.bursatron.com.mx\/wordpress\/#\/schema\/logo\/image\/","url":"https:\/\/blog.bursatron.com.mx\/wordpress\/wp-content\/uploads\/2020\/05\/cropped-YOUTUBE-5.jpg","contentUrl":"https:\/\/blog.bursatron.com.mx\/wordpress\/wp-content\/uploads\/2020\/05\/cropped-YOUTUBE-5.jpg","width":800,"height":666,"caption":"Bursatron s.c."},"image":{"@id":"https:\/\/blog.bursatron.com.mx\/wordpress\/#\/schema\/logo\/image\/"},"sameAs":["https:\/\/www.facebook.com\/Bursatron","https:\/\/x.com\/CursosAMIB","https:\/\/www.bursatron.com.mx\/portal\/"]}]}},"_links":{"self":[{"href":"https:\/\/blog.bursatron.com.mx\/wordpress\/wp-json\/wp\/v2\/pages\/278"}],"collection":[{"href":"https:\/\/blog.bursatron.com.mx\/wordpress\/wp-json\/wp\/v2\/pages"}],"about":[{"href":"https:\/\/blog.bursatron.com.mx\/wordpress\/wp-json\/wp\/v2\/types\/page"}],"author":[{"embeddable":true,"href":"https:\/\/blog.bursatron.com.mx\/wordpress\/wp-json\/wp\/v2\/users\/3"}],"replies":[{"embeddable":true,"href":"https:\/\/blog.bursatron.com.mx\/wordpress\/wp-json\/wp\/v2\/comments?post=278"}],"version-history":[{"count":10,"href":"https:\/\/blog.bursatron.com.mx\/wordpress\/wp-json\/wp\/v2\/pages\/278\/revisions"}],"predecessor-version":[{"id":3037,"href":"https:\/\/blog.bursatron.com.mx\/wordpress\/wp-json\/wp\/v2\/pages\/278\/revisions\/3037"}],"wp:attachment":[{"href":"https:\/\/blog.bursatron.com.mx\/wordpress\/wp-json\/wp\/v2\/media?parent=278"}],"curies":[{"name":"wp","href":"https:\/\/api.w.org\/{rel}","templated":true}]}}